{"id":1864,"date":"2023-11-05T19:23:22","date_gmt":"2023-11-05T19:23:22","guid":{"rendered":"https:\/\/lotzcoaching.nl\/?page_id=1864"},"modified":"2025-11-04T18:32:35","modified_gmt":"2025-11-04T18:32:35","slug":"algemene-voorwaarden-verhuur-bevalbad","status":"publish","type":"page","link":"https:\/\/lotzcoaching.nl\/?page_id=1864","title":{"rendered":"Algemene voorwaarden verhuur bevalbad"},"content":{"rendered":"\t\t<div data-elementor-type=\"wp-page\" data-elementor-id=\"1864\" class=\"elementor elementor-1864\">\n\t\t\t\t\t\t\t\t\t<section class=\"elementor-section elementor-top-section elementor-element elementor-element-c329366 elementor-section-boxed elementor-section-height-default elementor-section-height-default\" data-id=\"c329366\" data-element_type=\"section\">\n\t\t\t\t\t\t<div class=\"elementor-container elementor-column-gap-default\">\n\t\t\t\t\t<div class=\"elementor-column elementor-col-100 elementor-top-column elementor-element elementor-element-fa401ff\" data-id=\"fa401ff\" data-element_type=\"column\">\n\t\t\t<div class=\"elementor-widget-wrap elementor-element-populated\">\n\t\t\t\t\t\t\t\t<div class=\"elementor-element elementor-element-13dab66 elementor-widget elementor-widget-heading\" data-id=\"13dab66\" data-element_type=\"widget\" data-widget_type=\"heading.default\">\n\t\t\t\t<div class=\"elementor-widget-container\">\n\t\t\t<style>\/*! elementor - v3.13.2 - 11-05-2023 *\/\n.elementor-heading-title{padding:0;margin:0;line-height:1}.elementor-widget-heading .elementor-heading-title[class*=elementor-size-]>a{color:inherit;font-size:inherit;line-height:inherit}.elementor-widget-heading .elementor-heading-title.elementor-size-small{font-size:15px}.elementor-widget-heading .elementor-heading-title.elementor-size-medium{font-size:19px}.elementor-widget-heading .elementor-heading-title.elementor-size-large{font-size:29px}.elementor-widget-heading .elementor-heading-title.elementor-size-xl{font-size:39px}.elementor-widget-heading .elementor-heading-title.elementor-size-xxl{font-size:59px}<\/style><h2 class=\"elementor-heading-title elementor-size-default\">Algemene voorwaarden verhuur bevalbad:<\/h2>\t\t<\/div>\n\t\t\t\t<\/div>\n\t\t\t\t\t<\/div>\n\t\t<\/div>\n\t\t\t\t\t\t\t<\/div>\n\t\t<\/section>\n\t\t\t\t<section class=\"elementor-section elementor-top-section elementor-element elementor-element-f98eccb elementor-section-boxed elementor-section-height-default elementor-section-height-default\" data-id=\"f98eccb\" data-element_type=\"section\">\n\t\t\t\t\t\t<div class=\"elementor-container elementor-column-gap-default\">\n\t\t\t\t\t<div class=\"elementor-column elementor-col-100 elementor-top-column elementor-element elementor-element-29d9cc3\" data-id=\"29d9cc3\" data-element_type=\"column\">\n\t\t\t<div class=\"elementor-widget-wrap elementor-element-populated\">\n\t\t\t\t\t\t\t\t<div class=\"elementor-element elementor-element-13cbb2d elementor-widget elementor-widget-text-editor\" data-id=\"13cbb2d\" data-element_type=\"widget\" data-widget_type=\"text-editor.default\">\n\t\t\t\t<div class=\"elementor-widget-container\">\n\t\t\t<style>\/*! elementor - v3.13.2 - 11-05-2023 *\/\n.elementor-widget-text-editor.elementor-drop-cap-view-stacked .elementor-drop-cap{background-color:#69727d;color:#fff}.elementor-widget-text-editor.elementor-drop-cap-view-framed .elementor-drop-cap{color:#69727d;border:3px solid;background-color:transparent}.elementor-widget-text-editor:not(.elementor-drop-cap-view-default) .elementor-drop-cap{margin-top:8px}.elementor-widget-text-editor:not(.elementor-drop-cap-view-default) .elementor-drop-cap-letter{width:1em;height:1em}.elementor-widget-text-editor .elementor-drop-cap{float:left;text-align:center;line-height:1;font-size:50px}.elementor-widget-text-editor .elementor-drop-cap-letter{display:inline-block}<\/style>\t\t\t\t<p><strong>De huurperiode:<\/strong><br \/>De huurperiode van de bevalbaden van Lotz Coaching valt binnen de medisch geaccepteerde norm<br \/>voor een thuisbevalling. Dit wil zeggen, vanaf 37 weken tot 42 weken zwangerschap. Een periode van<br \/>maximaal 5 weken.<\/p><p><strong>Reservering:<\/strong><br \/>Reserveren kan via de website via het aanmeldformulier. De reserveringskosten bedragen \u20ac25.<br \/>Je kunt het bevalbad reserveren tot maximaal 35 weken zwangerschap. Is het termijn verstreken,<br \/>dan kunt je contact opnemen met Lotz Coaching en informeren naar de mogelijkheden.<\/p><p><strong>Betaling:<\/strong><br \/>Na ontvangst van de reserveringsaanvraag, ontvang je een bevestigingsmail. In deze mail vind je de<br \/>factuur, die binnen 14 dagen betaald dient te worden. Na betaling is de reservering definitief.<br \/>Door te betalen en de reservering definitief te maken, ga je akkoord met de algemene voorwaarden.<\/p><p><strong>Verhuur prijs:<\/strong><br \/>Het huren van een bevalbad kost bij mij \u20ac 175,- voor de huurperiode van 5 weken (incl.<br \/>reserveringskosten &amp;amp; nieuw bevallingspakket). Bij wens tot langer dan 5 weken huren, betaal je \u20ac45<br \/>extra per week. Dit kan in overleg met Lotz Coaching.<\/p><p><strong>Borg:<\/strong><br \/>Je betaalt een borg van \u20ac50 die je bij teruglevering van alle materialen geheel terug krijgt , zoals<br \/>beschreven in de voorwaarden. Mocht er schade zijn aan materialen of mochten er materialen<br \/>missen, dan wordt dit verrekend en van de borg afgehaald.\u00a0Het bevalbad wordt binnen een week na<br \/>inlevering nagekeken. Hierna wordt de Borg teruggestort of verrekend. Zijn de kosten van schade of<br \/>verlies hoger dan \u20ac50, dan kan dit alsnog via een factuur aan de huurder verrekend worden.<\/p><p><strong>Annuleren:<\/strong><br \/>Tot 35 weken zwangerschap, kun je de reservering kosteloos annuleren. U Je krijgt dan het betaalde<br \/>bedrag excl. de reserveringskosten van \u20ac25 retour.<br \/>Als na de 35 weken zwangerschap en\/of de huurperiode het bad en het volledige bevallingspakket<br \/>niet zijn gebruikt, dan kun je \u20ac60 van je betaalde bedrag terug krijgen. Voorwaarden zijn, dat het<br \/>volledige bevallingspakket nog in de originele ongeopende verpakking zit.<br \/>Het bevallingspakket bestaat uit het volgende:<br \/>-Nieuwe hygi\u00ebnische binnenhoes (voor \u00e9\u00e9nmalig gebruik)<br \/>-Elektrische dompelpomp, om het water na gebruik uit het bad te pompen\u00a0<br \/>-Schepnetje<br \/>-Vloerbeschermkleed \u2013 met antisliplaag<br \/>-Extra antislipmat (klein)<br \/>-Thermometer<br \/>-Niet-giftige waterslang van 10 meter<br \/>-1 paar lange gynaecologische handschoenen<\/p><p><strong>Levering:<\/strong><br \/>Het bevalbad is beschikbaar vanaf de 37ste week van de zwangerschap. Het bevalbad kan kosteloos<br \/>worden opgehaald in Gerwen\/Nuenen.<br \/>Indien gewenst, kan het bad aan huis geleverd worden en na gebruik weer opgehaald worden<br \/>(binnen 15km van Gerwen).<\/p><p>De kosten voor het leveren en ophalen bedragen \u20ac 15,- ongeacht de afstand (binnen 15km van<br \/>Gerwen).<br \/>Bij afname van een\u00a0 workshop\/cursus van Lotz Coaching, komt Lotz Coaching het bad kostenloos<br \/>brengen en ophalen (binnen 15km van Gerwen), daarmee krijg je een korting van \u20ac 15,-.<\/p><p><strong>Ontvangst:<\/strong><br \/>Er wordt verwacht dat je na ontvangst van het bad, de bijgeleverde handleiding aandachtig<br \/>doorneemt. Controleer het pakket op volledigheid en meld schade of onvolledigheid binnen 24 uur<br \/>na ontvangst. Indien er schade of onvolledigheid wordt gemeld na 24 uur na ontvangst, is Lotz<br \/>Coaching niet meer verantwoordelijk te stellen. Dit omdat we onderscheid moeten maken tussen<br \/>schade of onvolledigheid ontstaan door transport of door onjuist gebruik.<\/p><p><strong>Gebruik:<\/strong><br \/>Onze bevalbaden zijn uitsluitend voor binnenshuis gebruik en dienen ook niet (tijdelijk) buiten te<br \/>worden opgeslagen. Bij vermoeden van nalatigheid wordt de borg volledig ingehouden.<\/p>\t\t\t\t\t\t<\/div>\n\t\t\t\t<\/div>\n\t\t\t\t\t<\/div>\n\t\t<\/div>\n\t\t\t\t\t\t\t<\/div>\n\t\t<\/section>\n\t\t\t\t\t\t\t<\/div>\n\t\t","protected":false},"excerpt":{"rendered":"<p>Algemene voorwaarden verhuur bevalbad: De huurperiode:De huurperiode van de bevalbaden van Lotz Coaching valt binnen de medisch geaccepteerde normvoor een thuisbevalling. Dit wil zeggen, vanaf 37 weken tot 42 weken zwangerschap. Een periode vanmaximaal 5 weken. Reservering:Reserveren kan via de website via het aanmeldformulier. De reserveringskosten bedragen \u20ac25.Je kunt het bevalbad reserveren tot maximaal 35 &hellip;<\/p>\n<p class=\"read-more\"> <a class=\"\" href=\"https:\/\/lotzcoaching.nl\/?page_id=1864\"> <span class=\"screen-reader-text\">Algemene voorwaarden verhuur bevalbad<\/span> Lees meer &raquo;<\/a><\/p>\n","protected":false},"author":1,"featured_media":0,"parent":0,"menu_order":0,"comment_status":"closed","ping_status":"closed","template":"","meta":{"site-sidebar-layout":"no-sidebar","site-content-layout":"page-builder","ast-global-header-display":"","ast-banner-title-visibility":"","ast-main-header-display":"","ast-hfb-above-header-display":"","ast-hfb-below-header-display":"","ast-hfb-mobile-header-display":"","site-post-title":"disabled","ast-breadcrumbs-content":"","ast-featured-img":"disabled","footer-sml-layout":"","theme-transparent-header-meta":"","adv-header-id-meta":"","stick-header-meta":"","header-above-stick-meta":"","header-main-stick-meta":"","header-below-stick-meta":"","footnotes":""},"class_list":["post-1864","page","type-page","status-publish","hentry"],"_links":{"self":[{"href":"https:\/\/lotzcoaching.nl\/index.php?rest_route=\/wp\/v2\/pages\/1864","targetHints":{"allow":["GET"]}}],"collection":[{"href":"https:\/\/lotzcoaching.nl\/index.php?rest_route=\/wp\/v2\/pages"}],"about":[{"href":"https:\/\/lotzcoaching.nl\/index.php?rest_route=\/wp\/v2\/types\/page"}],"author":[{"embeddable":true,"href":"https:\/\/lotzcoaching.nl\/index.php?rest_route=\/wp\/v2\/users\/1"}],"replies":[{"embeddable":true,"href":"https:\/\/lotzcoaching.nl\/index.php?rest_route=%2Fwp%2Fv2%2Fcomments&post=1864"}],"version-history":[{"count":10,"href":"https:\/\/lotzcoaching.nl\/index.php?rest_route=\/wp\/v2\/pages\/1864\/revisions"}],"predecessor-version":[{"id":2416,"href":"https:\/\/lotzcoaching.nl\/index.php?rest_route=\/wp\/v2\/pages\/1864\/revisions\/2416"}],"wp:attachment":[{"href":"https:\/\/lotzcoaching.nl\/index.php?rest_route=%2Fwp%2Fv2%2Fmedia&parent=1864"}],"curies":[{"name":"wp","href":"https:\/\/api.w.org\/{rel}","templated":true}]}}